{"id":2591,"date":"2022-04-04T15:33:53","date_gmt":"2022-04-04T13:33:53","guid":{"rendered":"https:\/\/www.maisons-cognac.fr\/nos-actions-et-engagements\/"},"modified":"2022-04-07T09:25:51","modified_gmt":"2022-04-07T07:25:51","slug":"nos-actions-et-engagements","status":"publish","type":"page","link":"https:\/\/www.maisons-cognac.fr\/en\/nos-actions-et-engagements\/","title":{"rendered":"Our actions and commitments"},"content":{"rendered":"\n<div style=\"height:50px\" aria-hidden=\"true\" class=\"wp-block-spacer\"><\/div>\n\n\n\n<div class=\"wp-block-columns mb-0\">\n<div class=\"wp-block-column\" style=\"flex-basis:50%\">\n<figure class=\"wp-block-image size-full\"><img loading=\"lazy\" width=\"700\" height=\"700\" src=\"https:\/\/www.maisons-cognac.fr\/wp-content\/uploads\/2021\/11\/projetdusmc.jpg\" alt=\"\" class=\"wp-image-611\" srcset=\"https:\/\/www.maisons-cognac.fr\/wp-content\/uploads\/2021\/11\/projetdusmc.jpg 700w, https:\/\/www.maisons-cognac.fr\/wp-content\/uploads\/2021\/11\/projetdusmc-300x300.jpg 300w, https:\/\/www.maisons-cognac.fr\/wp-content\/uploads\/2021\/11\/projetdusmc-150x150.jpg 150w, https:\/\/www.maisons-cognac.fr\/wp-content\/uploads\/2021\/11\/projetdusmc-339x339.jpg 339w, https:\/\/www.maisons-cognac.fr\/wp-content\/uploads\/2021\/11\/projetdusmc-185x185.jpg 185w, https:\/\/www.maisons-cognac.fr\/wp-content\/uploads\/2021\/11\/projetdusmc-320x320.jpg 320w, https:\/\/www.maisons-cognac.fr\/wp-content\/uploads\/2021\/11\/projetdusmc-102x102.jpg 102w\" sizes=\"(max-width: 700px) 100vw, 700px\" \/><\/figure>\n<\/div>\n\n\n\n<div class=\"wp-block-column pl\" style=\"flex-basis:50%\">\n<div style=\"height:50px\" aria-hidden=\"true\" class=\"wp-block-spacer\"><\/div>\n\n\n\n<h3 class=\"has-text-align-center\">Our vision: To showcase the diversity of Cognac houses across the world, starting at the regional level<\/h3>\n\n\n\n<p>Our priorities come in the form of actions and commitments<\/p>\n\n\n\n<div style=\"height:100px\" aria-hidden=\"true\" class=\"wp-block-spacer\"><\/div>\n\n\n\n<p><\/p>\n<\/div>\n<\/div>\n\n\n\n<div class=\"wp-block-cover alignfull\" style=\"background-color:#317342\"><img loading=\"lazy\" width=\"2560\" height=\"2215\" class=\"wp-block-cover__image-background wp-image-2425\" alt=\"\" src=\"https:\/\/www.maisons-cognac.fr\/wp-content\/uploads\/2022\/04\/fondvertcharente_01.jpg\" style=\"object-position:0% 50%\" data-object-fit=\"cover\" data-object-position=\"0% 50%\" srcset=\"https:\/\/www.maisons-cognac.fr\/wp-content\/uploads\/2022\/04\/fondvertcharente_01.jpg 2560w, https:\/\/www.maisons-cognac.fr\/wp-content\/uploads\/2022\/04\/fondvertcharente_01-300x260.jpg 300w, https:\/\/www.maisons-cognac.fr\/wp-content\/uploads\/2022\/04\/fondvertcharente_01-1024x886.jpg 1024w, https:\/\/www.maisons-cognac.fr\/wp-content\/uploads\/2022\/04\/fondvertcharente_01-768x665.jpg 768w, https:\/\/www.maisons-cognac.fr\/wp-content\/uploads\/2022\/04\/fondvertcharente_01-1536x1329.jpg 1536w, https:\/\/www.maisons-cognac.fr\/wp-content\/uploads\/2022\/04\/fondvertcharente_01-2048x1772.jpg 2048w, https:\/\/www.maisons-cognac.fr\/wp-content\/uploads\/2022\/04\/fondvertcharente_01-150x130.jpg 150w, https:\/\/www.maisons-cognac.fr\/wp-content\/uploads\/2022\/04\/fondvertcharente_01-339x293.jpg 339w, https:\/\/www.maisons-cognac.fr\/wp-content\/uploads\/2022\/04\/fondvertcharente_01-214x185.jpg 214w, https:\/\/www.maisons-cognac.fr\/wp-content\/uploads\/2022\/04\/fondvertcharente_01-320x277.jpg 320w\" sizes=\"(max-width: 2560px) 100vw, 2560px\" \/><div class=\"wp-block-cover__inner-container\">\n<div style=\"height:100px\" aria-hidden=\"true\" class=\"wp-block-spacer\"><\/div>\n\n\n\n<div class=\"wp-block-columns max-w-screen-lg m-auto flex justify-between\">\n<div class=\"wp-block-column\" style=\"flex-basis:40%\">    <!-- ++++ Render the block +++ -->\n    <div class=\"relative mb-8 overflow-hidden single-image-block\">\n        <span class=\"black-filter z-20\"><\/span>\n        <img class=\"w-full decision z-10\" src=\"https:\/\/www.maisons-cognac.fr\/wp-content\/uploads\/2021\/11\/smc_engagementdunegoce-350x398.jpg\" alt=\"\">\n        <!-- post image -->\n        <h3 class=\"absolute z-30 px-4 lg:px-8 font-bold text-center w-full top-2\/4 transform -translate-y-1\/2\">COGNAC HOUSES AND THEIR ENVIRONMENTAL COMMITMENTS<\/h3>\n    <\/div>\n<\/div>\n\n\n\n<div class=\"wp-block-column\" style=\"flex-basis:10px\"><\/div>\n\n\n\n<div class=\"wp-block-column px\" style=\"flex-basis:50%\">\n<div style=\"height:60px\" aria-hidden=\"true\" class=\"wp-block-spacer\"><\/div>\n\n\n\n<h4><strong><strong><strong>Environmental approach of Cognac houses<\/strong><\/strong><\/strong><\/h4>\n\n\n\n<p><\/p>\n\n\n\n<ul><li>Assessing the environmental commitments of Cognac houses <\/li><\/ul>\n\n\n\n<ul><li>Setting objectives and identifying how to achieve them<\/li><\/ul>\n\n\n\n<p><\/p>\n\n\n\n\n    <style>\n\n        .btn .mask {\n            width: 100%;\n            transform: translateX(-100%);\n        }\n        \/* white color *\/\n        .border-white .label {\n            color: #fff;\n        }\n        .border-white .mask {\n            background-color: #fff;\n        }\n        .border-white:hover .label {\n            color: #614537;\n        }\n        .border-white:hover .mask {\n            transform: translateX(0%);\n        }\n        \/* black color *\/\n        .border-black {\n            border: 1px solid #614537;\n            overflow: hidden;\n        }\n        .border-black .mask {\n            transition: all .5s ease-in-out;\n            background-color: #614537;\n        }\n        .border-black .label {\n            color: #614537;\n        }\n        .border-black:hover .label {\n            color: #fff;\n        }\n        .border-black:hover .mask {\n            transform: translateX(0%);\n        }\n        .border-black:hover svg g {\n            stroke : white\n        }\n        @media (max-width: 699px) {\n            .btn-module{\n                margin-bottom: 1rem;\n                min-width: 65%;\n            }\n        }\n        @media(min-width: 780px) {\n            .btn-module {\n                margin: 0 1rem 0 1rem;\n            }\n            .btn-module-wrapper .btn-module:first-child{\n                margin: 0 0 0 0\n            }\n                                }\n\n\n    <\/style>\n    <div class=\"flex flex-wrap btn-module-wrapper justify-start\">\n        \n                    <a target=\"\" href=\"\/en\/projet\/cognac-houses-and-their-environmental-commitments\/\" class=\"btn btn-module overflow-hidden border-white relative py-4 px-14 inline-block\">\n                <span class=\"mask absolute w-0 h-full z-10\"><\/span>\n                <span class=\"relative z-30 label\">Find out more<\/span>\n                <!-- \/\/\/ svg icon \/\/\/ -->\n\n                <svg xmlns=\"http:\/\/www.w3.org\/2000\/svg\" xmlns:xlink=\"http:\/\/www.w3.org\/1999\/xlink\"\n                     width=\"15px\"\n                     \"\n                     viewBox=\"0 0 23 42\" version=\"1.1\"\n                >\n                    <g id=\"site-internet\" stroke=\"#614537\"  stroke-width=\"2\" fill=\"none\" fill-rule=\"evenodd\" opacity=\"1\">\n                        <g id=\"Page-d'accueil-slide1\" transform=\"translate(-1369.000000, -2736.000000)\" stroke=\"#614537\"  stroke-width=\"2\">\n                        <g id=\"38-maisons\" transform=\"translate(0.000000, 2265.000000)\">\n                            <polyline id=\"Path\" points=\"1370.47803 472 1390.47803 492.573371 1370.47803 512\"\/>\n                        <\/g>\n                    <\/g>\n                    <\/g>\n                <\/svg>\n            <\/a>\n                <\/div>\n\n\n\n<p><\/p>\n\n\n\n<div style=\"height:30px\" aria-hidden=\"true\" class=\"wp-block-spacer\"><\/div>\n\n\n\n<h4><strong><strong><strong>Corporate Social Responsibility<\/strong><\/strong><\/strong><\/h4>\n\n\n\n<ul type=\"1\"><li>coming soon<\/li><\/ul>\n\n\n\n<div style=\"height:50px\" aria-hidden=\"true\" class=\"wp-block-spacer\"><\/div>\n\n\n\n<p><\/p>\n<\/div>\n<\/div>\n\n\n\n<div class=\"wp-block-columns max-w-screen-lg m-auto flex justify-between\">\n<div class=\"wp-block-column\" style=\"flex-basis:40%\">    <!-- ++++ Render the block +++ -->\n    <div class=\"relative mb-8 overflow-hidden single-image-block\">\n        <span class=\"black-filter z-20\"><\/span>\n        <img class=\"w-full decision z-10\" src=\"https:\/\/www.maisons-cognac.fr\/wp-content\/uploads\/2021\/11\/smc_desetudesetdesconferences-350x398.jpg\" alt=\"\">\n        <!-- post image -->\n        <h3 class=\"absolute z-30 px-4 lg:px-8 font-bold text-center w-full top-2\/4 transform -translate-y-1\/2\">EXPORT CONFERENCES AND STUDIES<\/h3>\n    <\/div>\n<\/div>\n\n\n\n<div class=\"wp-block-column\" style=\"flex-basis:10px\"><\/div>\n\n\n\n<div class=\"wp-block-column px\" style=\"flex-basis:50%\">\n<div style=\"height:40px\" aria-hidden=\"true\" class=\"wp-block-spacer\"><\/div>\n\n\n\n<h4><strong><strong><strong>Share information<\/strong><\/strong><\/strong><\/h4>\n\n\n\n<ul type=\"1\"><li>Working together to promote the international development of SMEs<\/li><li>Sharing knowledge of markets and consumer trends<\/li><\/ul>\n\n\n\n<div style=\"height:50px\" aria-hidden=\"true\" class=\"wp-block-spacer\"><\/div>\n\n\n\n\n    <style>\n\n        .btn .mask {\n            width: 100%;\n            transform: translateX(-100%);\n        }\n        \/* white color *\/\n        .border-white .label {\n            color: #fff;\n        }\n        .border-white .mask {\n            background-color: #fff;\n        }\n        .border-white:hover .label {\n            color: #614537;\n        }\n        .border-white:hover .mask {\n            transform: translateX(0%);\n        }\n        \/* black color *\/\n        .border-black {\n            border: 1px solid #614537;\n            overflow: hidden;\n        }\n        .border-black .mask {\n            transition: all .5s ease-in-out;\n            background-color: #614537;\n        }\n        .border-black .label {\n            color: #614537;\n        }\n        .border-black:hover .label {\n            color: #fff;\n        }\n        .border-black:hover .mask {\n            transform: translateX(0%);\n        }\n        .border-black:hover svg g {\n            stroke : white\n        }\n        @media (max-width: 699px) {\n            .btn-module{\n                margin-bottom: 1rem;\n                min-width: 65%;\n            }\n        }\n        @media(min-width: 780px) {\n            .btn-module {\n                margin: 0 1rem 0 1rem;\n            }\n            .btn-module-wrapper .btn-module:first-child{\n                margin: 0 0 0 0\n            }\n                                }\n\n\n    <\/style>\n    <div class=\"flex flex-wrap btn-module-wrapper justify-start\">\n        \n                    <a target=\"\" href=\"https:\/\/www.maisons-cognac.fr\/smc\/partager-linformation\/\" class=\"btn btn-module overflow-hidden border-white relative py-4 px-14 inline-block\">\n                <span class=\"mask absolute w-0 h-full z-10\"><\/span>\n                <span class=\"relative z-30 label\">Find out more<\/span>\n                <!-- \/\/\/ svg icon \/\/\/ -->\n\n                <svg xmlns=\"http:\/\/www.w3.org\/2000\/svg\" xmlns:xlink=\"http:\/\/www.w3.org\/1999\/xlink\"\n                     width=\"15px\"\n                     \"\n                     viewBox=\"0 0 23 42\" version=\"1.1\"\n                >\n                    <g id=\"site-internet\" stroke=\"#614537\"  stroke-width=\"2\" fill=\"none\" fill-rule=\"evenodd\" opacity=\"1\">\n                        <g id=\"Page-d'accueil-slide1\" transform=\"translate(-1369.000000, -2736.000000)\" stroke=\"#614537\"  stroke-width=\"2\">\n                        <g id=\"38-maisons\" transform=\"translate(0.000000, 2265.000000)\">\n                            <polyline id=\"Path\" points=\"1370.47803 472 1390.47803 492.573371 1370.47803 512\"\/>\n                        <\/g>\n                    <\/g>\n                    <\/g>\n                <\/svg>\n            <\/a>\n                <\/div>\n<\/div>\n<\/div>\n\n\n\n<div style=\"height:50px\" aria-hidden=\"true\" class=\"wp-block-spacer\"><\/div>\n\n\n\n<div class=\"wp-block-columns max-w-screen-lg m-auto flex justify-between\">\n<div class=\"wp-block-column\" style=\"flex-basis:40%\">    <!-- ++++ Render the block +++ -->\n    <div class=\"relative mb-8 overflow-hidden single-image-block\">\n        <span class=\"black-filter z-20\"><\/span>\n        <img class=\"w-full decision z-10\" src=\"https:\/\/www.maisons-cognac.fr\/wp-content\/uploads\/2021\/11\/smc_mappingdesmaisons-350x398.jpg\" alt=\"\">\n        <!-- post image -->\n        <h3 class=\"absolute z-30 px-4 lg:px-8 font-bold text-center w-full top-2\/4 transform -translate-y-1\/2\">SHOWCASE THE DIVERSITY OF COGNAC HOUSES AND BRANDS<\/h3>\n    <\/div>\n<\/div>\n\n\n\n<div class=\"wp-block-column\" style=\"flex-basis:10px\"><\/div>\n\n\n\n<div class=\"wp-block-column px\" style=\"flex-basis:50%\">\n<div style=\"height:40px\" aria-hidden=\"true\" class=\"wp-block-spacer\"><\/div>\n\n\n\n<ul><li>Showcasing the diversity of Cognac houses, united by their dedication to the Cognac appellation<\/li><li>Creating a rich and diversified image of Cognac: a diverse range of products and diverse positioning (storytelling) <\/li><li>Setting Cognac apart from other categories of spirits (whisky, mezcal, tequila, gin)<\/li><\/ul>\n\n\n\n<div style=\"height:50px\" aria-hidden=\"true\" class=\"wp-block-spacer\"><\/div>\n\n\n\n\n    <style>\n\n        .btn .mask {\n            width: 100%;\n            transform: translateX(-100%);\n        }\n        \/* white color *\/\n        .border-white .label {\n            color: #fff;\n        }\n        .border-white .mask {\n            background-color: #fff;\n        }\n        .border-white:hover .label {\n            color: #614537;\n        }\n        .border-white:hover .mask {\n            transform: translateX(0%);\n        }\n        \/* black color *\/\n        .border-black {\n            border: 1px solid #614537;\n            overflow: hidden;\n        }\n        .border-black .mask {\n            transition: all .5s ease-in-out;\n            background-color: #614537;\n        }\n        .border-black .label {\n            color: #614537;\n        }\n        .border-black:hover .label {\n            color: #fff;\n        }\n        .border-black:hover .mask {\n            transform: translateX(0%);\n        }\n        .border-black:hover svg g {\n            stroke : white\n        }\n        @media (max-width: 699px) {\n            .btn-module{\n                margin-bottom: 1rem;\n                min-width: 65%;\n            }\n        }\n        @media(min-width: 780px) {\n            .btn-module {\n                margin: 0 1rem 0 1rem;\n            }\n            .btn-module-wrapper .btn-module:first-child{\n                margin: 0 0 0 0\n            }\n                                }\n\n\n    <\/style>\n    <div class=\"flex flex-wrap btn-module-wrapper justify-start\">\n        \n                    <a target=\"\" href=\"#\" class=\"btn btn-module overflow-hidden border-white relative py-4 px-14 inline-block\">\n                <span class=\"mask absolute w-0 h-full z-10\"><\/span>\n                <span class=\"relative z-30 label\">Find out more<\/span>\n                <!-- \/\/\/ svg icon \/\/\/ -->\n\n                <svg xmlns=\"http:\/\/www.w3.org\/2000\/svg\" xmlns:xlink=\"http:\/\/www.w3.org\/1999\/xlink\"\n                     width=\"15px\"\n                     \"\n                     viewBox=\"0 0 23 42\" version=\"1.1\"\n                >\n                    <g id=\"site-internet\" stroke=\"#614537\"  stroke-width=\"2\" fill=\"none\" fill-rule=\"evenodd\" opacity=\"1\">\n                        <g id=\"Page-d'accueil-slide1\" transform=\"translate(-1369.000000, -2736.000000)\" stroke=\"#614537\"  stroke-width=\"2\">\n                        <g id=\"38-maisons\" transform=\"translate(0.000000, 2265.000000)\">\n                            <polyline id=\"Path\" points=\"1370.47803 472 1390.47803 492.573371 1370.47803 512\"\/>\n                        <\/g>\n                    <\/g>\n                    <\/g>\n                <\/svg>\n            <\/a>\n                <\/div>\n<\/div>\n<\/div>\n\n\n\n<div style=\"height:50px\" aria-hidden=\"true\" class=\"wp-block-spacer\"><\/div>\n\n\n\n<div style=\"height:100px\" aria-hidden=\"true\" class=\"wp-block-spacer\"><\/div>\n\n\n\n<p><\/p>\n<\/div><\/div>\n\n\n\n<p><\/p>\n","protected":false},"excerpt":{"rendered":"<p>Our vision: To showcase the diversity of Cognac houses across the world, starting at the regional level Our priorities come in the form of actions and commitments<\/p>\n","protected":false},"author":1,"featured_media":0,"parent":0,"menu_order":0,"comment_status":"closed","ping_status":"closed","template":"","meta":[],"yoast_head":"<!-- This site is optimized with the Yoast SEO plugin v18.5.1 - https:\/\/yoast.com\/wordpress\/plugins\/seo\/ -->\n<title>Our actions and commitments - SMC : le Syndicat des Maisons de Cognac<\/title>\n<meta name=\"description\" content=\"Une des priorit\u00e9s des Maisons de Cognac est d\u2019innover et transformer nos pratiques. Pour cela le SMC r\u00e9pond par des projets engag\u00e9s et innovants ayant la particularit\u00e9 de :\" \/>\n<meta name=\"robots\" content=\"index, follow, max-snippet:-1, max-image-preview:large, max-video-preview:-1\" \/>\n<link rel=\"canonical\" href=\"https:\/\/www.maisons-cognac.fr\/en\/nos-actions-et-engagements\/\" \/>\n<meta property=\"og:locale\" content=\"en_US\" \/>\n<meta property=\"og:type\" content=\"article\" \/>\n<meta property=\"og:title\" content=\"Our actions and commitments - SMC : le Syndicat des Maisons de Cognac\" \/>\n<meta property=\"og:description\" content=\"Une des priorit\u00e9s des Maisons de Cognac est d\u2019innover et transformer nos pratiques. Pour cela le SMC r\u00e9pond par des projets engag\u00e9s et innovants ayant la particularit\u00e9 de :\" \/>\n<meta property=\"og:url\" content=\"https:\/\/www.maisons-cognac.fr\/en\/nos-actions-et-engagements\/\" \/>\n<meta property=\"og:site_name\" content=\"SMC : le Syndicat des Maisons de Cognac\" \/>\n<meta property=\"article:modified_time\" content=\"2022-04-07T07:25:51+00:00\" \/>\n<meta property=\"og:image\" content=\"https:\/\/www.maisons-cognac.fr\/wp-content\/uploads\/2021\/11\/projetdusmc.jpg\" \/>\n<meta name=\"twitter:card\" content=\"summary_large_image\" \/>\n<meta name=\"twitter:label1\" content=\"Est. reading time\" \/>\n\t<meta name=\"twitter:data1\" content=\"1 minute\" \/>\n<script type=\"application\/ld+json\" class=\"yoast-schema-graph\">{\"@context\":\"https:\/\/schema.org\",\"@graph\":[{\"@type\":\"WebSite\",\"@id\":\"https:\/\/www.maisons-cognac.fr\/#website\",\"url\":\"https:\/\/www.maisons-cognac.fr\/\",\"name\":\"SMC : le Syndicat des Maisons de Cognac\",\"description\":\"Les maisons de Cognac\",\"potentialAction\":[{\"@type\":\"SearchAction\",\"target\":{\"@type\":\"EntryPoint\",\"urlTemplate\":\"https:\/\/www.maisons-cognac.fr\/?s={search_term_string}\"},\"query-input\":\"required name=search_term_string\"}],\"inLanguage\":\"en-US\"},{\"@type\":\"ImageObject\",\"@id\":\"https:\/\/www.maisons-cognac.fr\/en\/nos-actions-et-engagements\/#primaryimage\",\"inLanguage\":\"en-US\",\"url\":\"https:\/\/www.maisons-cognac.fr\/wp-content\/uploads\/2021\/11\/projetdusmc.jpg\",\"contentUrl\":\"https:\/\/www.maisons-cognac.fr\/wp-content\/uploads\/2021\/11\/projetdusmc.jpg\",\"width\":700,\"height\":700},{\"@type\":\"WebPage\",\"@id\":\"https:\/\/www.maisons-cognac.fr\/en\/nos-actions-et-engagements\/#webpage\",\"url\":\"https:\/\/www.maisons-cognac.fr\/en\/nos-actions-et-engagements\/\",\"name\":\"Our actions and commitments - SMC : le Syndicat des Maisons de Cognac\",\"isPartOf\":{\"@id\":\"https:\/\/www.maisons-cognac.fr\/#website\"},\"primaryImageOfPage\":{\"@id\":\"https:\/\/www.maisons-cognac.fr\/en\/nos-actions-et-engagements\/#primaryimage\"},\"datePublished\":\"2022-04-04T13:33:53+00:00\",\"dateModified\":\"2022-04-07T07:25:51+00:00\",\"description\":\"Une des priorit\u00e9s des Maisons de Cognac est d\u2019innover et transformer nos pratiques. Pour cela le SMC r\u00e9pond par des projets engag\u00e9s et innovants ayant la particularit\u00e9 de :\",\"breadcrumb\":{\"@id\":\"https:\/\/www.maisons-cognac.fr\/en\/nos-actions-et-engagements\/#breadcrumb\"},\"inLanguage\":\"en-US\",\"potentialAction\":[{\"@type\":\"ReadAction\",\"target\":[\"https:\/\/www.maisons-cognac.fr\/en\/nos-actions-et-engagements\/\"]}]},{\"@type\":\"BreadcrumbList\",\"@id\":\"https:\/\/www.maisons-cognac.fr\/en\/nos-actions-et-engagements\/#breadcrumb\",\"itemListElement\":[{\"@type\":\"ListItem\",\"position\":1,\"name\":\"Home\",\"item\":\"https:\/\/www.maisons-cognac.fr\/en\/\"},{\"@type\":\"ListItem\",\"position\":2,\"name\":\"Our actions and commitments\"}]}]}<\/script>\n<!-- \/ Yoast SEO plugin. -->","yoast_head_json":{"title":"Our actions and commitments - SMC : le Syndicat des Maisons de Cognac","description":"Une des priorit\u00e9s des Maisons de Cognac est d\u2019innover et transformer nos pratiques. Pour cela le SMC r\u00e9pond par des projets engag\u00e9s et innovants ayant la particularit\u00e9 de :","robots":{"index":"index","follow":"follow","max-snippet":"max-snippet:-1","max-image-preview":"max-image-preview:large","max-video-preview":"max-video-preview:-1"},"canonical":"https:\/\/www.maisons-cognac.fr\/en\/nos-actions-et-engagements\/","og_locale":"en_US","og_type":"article","og_title":"Our actions and commitments - SMC : le Syndicat des Maisons de Cognac","og_description":"Une des priorit\u00e9s des Maisons de Cognac est d\u2019innover et transformer nos pratiques. Pour cela le SMC r\u00e9pond par des projets engag\u00e9s et innovants ayant la particularit\u00e9 de :","og_url":"https:\/\/www.maisons-cognac.fr\/en\/nos-actions-et-engagements\/","og_site_name":"SMC : le Syndicat des Maisons de Cognac","article_modified_time":"2022-04-07T07:25:51+00:00","og_image":[{"url":"https:\/\/www.maisons-cognac.fr\/wp-content\/uploads\/2021\/11\/projetdusmc.jpg"}],"twitter_card":"summary_large_image","twitter_misc":{"Est. reading time":"1 minute"},"schema":{"@context":"https:\/\/schema.org","@graph":[{"@type":"WebSite","@id":"https:\/\/www.maisons-cognac.fr\/#website","url":"https:\/\/www.maisons-cognac.fr\/","name":"SMC : le Syndicat des Maisons de Cognac","description":"Les maisons de Cognac","potentialAction":[{"@type":"SearchAction","target":{"@type":"EntryPoint","urlTemplate":"https:\/\/www.maisons-cognac.fr\/?s={search_term_string}"},"query-input":"required name=search_term_string"}],"inLanguage":"en-US"},{"@type":"ImageObject","@id":"https:\/\/www.maisons-cognac.fr\/en\/nos-actions-et-engagements\/#primaryimage","inLanguage":"en-US","url":"https:\/\/www.maisons-cognac.fr\/wp-content\/uploads\/2021\/11\/projetdusmc.jpg","contentUrl":"https:\/\/www.maisons-cognac.fr\/wp-content\/uploads\/2021\/11\/projetdusmc.jpg","width":700,"height":700},{"@type":"WebPage","@id":"https:\/\/www.maisons-cognac.fr\/en\/nos-actions-et-engagements\/#webpage","url":"https:\/\/www.maisons-cognac.fr\/en\/nos-actions-et-engagements\/","name":"Our actions and commitments - SMC : le Syndicat des Maisons de Cognac","isPartOf":{"@id":"https:\/\/www.maisons-cognac.fr\/#website"},"primaryImageOfPage":{"@id":"https:\/\/www.maisons-cognac.fr\/en\/nos-actions-et-engagements\/#primaryimage"},"datePublished":"2022-04-04T13:33:53+00:00","dateModified":"2022-04-07T07:25:51+00:00","description":"Une des priorit\u00e9s des Maisons de Cognac est d\u2019innover et transformer nos pratiques. Pour cela le SMC r\u00e9pond par des projets engag\u00e9s et innovants ayant la particularit\u00e9 de :","breadcrumb":{"@id":"https:\/\/www.maisons-cognac.fr\/en\/nos-actions-et-engagements\/#breadcrumb"},"inLanguage":"en-US","potentialAction":[{"@type":"ReadAction","target":["https:\/\/www.maisons-cognac.fr\/en\/nos-actions-et-engagements\/"]}]},{"@type":"BreadcrumbList","@id":"https:\/\/www.maisons-cognac.fr\/en\/nos-actions-et-engagements\/#breadcrumb","itemListElement":[{"@type":"ListItem","position":1,"name":"Home","item":"https:\/\/www.maisons-cognac.fr\/en\/"},{"@type":"ListItem","position":2,"name":"Our actions and commitments"}]}]}},"_links":{"self":[{"href":"https:\/\/www.maisons-cognac.fr\/en\/wp-json\/wp\/v2\/pages\/2591"}],"collection":[{"href":"https:\/\/www.maisons-cognac.fr\/en\/wp-json\/wp\/v2\/pages"}],"about":[{"href":"https:\/\/www.maisons-cognac.fr\/en\/wp-json\/wp\/v2\/types\/page"}],"author":[{"embeddable":true,"href":"https:\/\/www.maisons-cognac.fr\/en\/wp-json\/wp\/v2\/users\/1"}],"replies":[{"embeddable":true,"href":"https:\/\/www.maisons-cognac.fr\/en\/wp-json\/wp\/v2\/comments?post=2591"}],"version-history":[{"count":19,"href":"https:\/\/www.maisons-cognac.fr\/en\/wp-json\/wp\/v2\/pages\/2591\/revisions"}],"predecessor-version":[{"id":3210,"href":"https:\/\/www.maisons-cognac.fr\/en\/wp-json\/wp\/v2\/pages\/2591\/revisions\/3210"}],"wp:attachment":[{"href":"https:\/\/www.maisons-cognac.fr\/en\/wp-json\/wp\/v2\/media?parent=2591"}],"curies":[{"name":"wp","href":"https:\/\/api.w.org\/{rel}","templated":true}]}}